{"id":4736,"date":"2022-11-16T18:37:13","date_gmt":"2022-11-16T18:37:13","guid":{"rendered":"http:\/\/www.ncbuild.fi\/index.php\/kontakt\/"},"modified":"2023-10-15T16:36:12","modified_gmt":"2023-10-15T16:36:12","slug":"kontakt","status":"publish","type":"page","link":"https:\/\/www.ncbuild.fi\/sv\/index.php\/kontakt\/","title":{"rendered":"Kontakt"},"content":{"rendered":"<p>[et_pb_section fb_built=&#8221;1&#8243; _builder_version=&#8221;4.22.2&#8243; _module_preset=&#8221;default&#8221; background_enable_image=&#8221;off&#8221; global_colors_info=&#8221;{}&#8221;][\/et_pb_section][et_pb_section fb_built=&#8221;1&#8243; admin_label=&#8221;Header Section&#8221; _builder_version=&#8221;4.19.0&#8243; background_color_gradient_start=&#8221;#e9f0f6&#8243; background_color_gradient_end=&#8221;rgba(233,240,246,0.2)&#8221; background_image=&#8221;https:\/\/www.ncbuild.fi\/wp-content\/uploads\/2021\/11\/NCbuild-quality.png&#8221; min_height=&#8221;619.6px&#8221; custom_margin=&#8221;-190px||||false|false&#8221; custom_padding=&#8221;10%||0.5%|||&#8221; filter_brightness=&#8221;109%&#8221; filter_contrast=&#8221;101%&#8221; global_colors_info=&#8221;{}&#8221;][et_pb_row custom_padding_last_edited=&#8221;off|desktop&#8221; admin_label=&#8221;Rubrikrad&#8221; _builder_version=&#8221;4.22.1&#8243; custom_margin=&#8221;|||&#8221; custom_padding=&#8221;50px||||false|false&#8221; custom_padding_phone=&#8221;3vw|||&#8221; global_colors_info=&#8221;{}&#8221;][et_pb_column type=&#8221;4_4&#8243; _builder_version=&#8221;4.16&#8243; custom_padding=&#8221;|||&#8221; global_colors_info=&#8221;{}&#8221; custom_padding__hover=&#8221;|||&#8221;][et_pb_text admin_label=&#8221;Heading &#038; Subheading&#8221; _builder_version=&#8221;4.19.0&#8243; text_font=&#8221;Muli|600|||||||&#8221; text_font_size=&#8221;18px&#8221; text_line_height=&#8221;1.8em&#8221; header_font=&#8221;Muli|700|||||||&#8221; header_font_size=&#8221;65px&#8221; header_line_height=&#8221;1.4em&#8221; header_2_font=&#8221;||||||||&#8221; text_orientation=&#8221;center&#8221; max_width=&#8221;800px&#8221; max_width_last_edited=&#8221;off|desktop&#8221; module_alignment=&#8221;center&#8221; custom_margin=&#8221;|||&#8221; custom_padding=&#8221;|||&#8221; custom_padding_last_edited=&#8221;off|desktop&#8221; animation_style=&#8221;fade&#8221; global_colors_info=&#8221;{}&#8221;]<\/p>\n<h1 style=\"text-align: center;\">Hur kan vi hj\u00e4lpa till?<\/h1>\n<p style=\"text-align: center;\">Kontakta oss g\u00e4rna om ditt projekt, eller f\u00f6r att diskutera v\u00e5ra tj\u00e4nster som b\u00e4st uppfyller dina behov, utan f\u00f6rpliktelser. Fyll i formul\u00e4ret nedan s\u00e5 kontaktar vi dig inom kort. Ha en underbar dag.<\/p>\n<p style=\"text-align: center;\">\n<p>&nbsp;<\/p>\n<p>[\/et_pb_text][\/et_pb_column][\/et_pb_row][\/et_pb_section][et_pb_section fb_built=&#8221;1&#8243; admin_label=&#8221;Contact Section&#8221; _builder_version=&#8221;4.22.2&#8243; background_color=&#8221;#e9f0f6&#8243; min_height=&#8221;770.2px&#8221; custom_margin=&#8221;||-392px|||&#8221; custom_padding=&#8221;0px|0px|81px|0px||&#8221; global_colors_info=&#8221;{}&#8221;][et_pb_row column_structure=&#8221;1_3,2_3&#8243; admin_label=&#8221;Meddelande rad&#8221; _builder_version=&#8221;4.16&#8243; custom_padding=&#8221;|||&#8221; global_colors_info=&#8221;{}&#8221;][et_pb_column type=&#8221;1_3&#8243; _builder_version=&#8221;4.16&#8243; custom_padding=&#8221;|||&#8221; global_colors_info=&#8221;{}&#8221; custom_padding__hover=&#8221;|||&#8221;][et_pb_text admin_label=&#8221;Title&#8221; _builder_version=&#8221;4.16&#8243; text_font=&#8221;Muli|600|||||||&#8221; text_text_color=&#8221;#737373&#8243; text_font_size=&#8221;18px&#8221; header_font=&#8221;||||||||&#8221; header_2_font=&#8221;Muli|700|||||||&#8221; header_2_text_align=&#8221;left&#8221; header_2_font_size=&#8221;50px&#8221; header_2_line_height=&#8221;1.4em&#8221; max_width_last_edited=&#8221;off|desktop&#8221; custom_margin=&#8221;|||&#8221; custom_padding=&#8221;|||&#8221; custom_padding_last_edited=&#8221;off|desktop&#8221; header_2_font_size_tablet=&#8221;&#8221; header_2_font_size_phone=&#8221;40px&#8221; header_2_font_size_last_edited=&#8221;on|phone&#8221; global_colors_info=&#8221;{}&#8221;]<\/p>\n<h2>Kontakta oss.  <\/h2>\n<p>[\/et_pb_text][\/et_pb_column][et_pb_column type=&#8221;2_3&#8243; _builder_version=&#8221;4.16&#8243; custom_padding=&#8221;|||&#8221; global_colors_info=&#8221;{}&#8221; custom_padding__hover=&#8221;|||&#8221;][et_pb_contact_form captcha=&#8221;off&#8221; email=&#8221;info@ncbuild.fi&#8221; success_message=&#8221;Framg\u00e5ng! &#8211; Vi kommer att kontakta dig inom kort.&#8221; submit_button_text=&#8221;SEND&#8221; module_id=&#8221;et_pb_contact_form_0&#8243; _builder_version=&#8221;4.22.2&#8243; form_field_background_color=&#8221;rgba(26,26,26,0.08)&#8221; form_field_text_color=&#8221;rgba(0,0,0,0.6)&#8221; title_font=&#8221;||||||||&#8221; form_field_font=&#8221;Muli|600|||||||&#8221; form_field_font_size=&#8221;16px&#8221; custom_button=&#8221;on&#8221; button_text_size=&#8221;14px&#8221; button_text_color=&#8221;#FFFFFF&#8221; button_bg_color=&#8221;#f5483f&#8221; button_border_width=&#8221;3px&#8221; button_border_color=&#8221;#F5483F&#8221; button_border_radius=&#8221;3px&#8221; button_letter_spacing=&#8221;0px&#8221; button_font=&#8221;|700|||||||&#8221; button_use_icon=&#8221;off&#8221; form_background_color=&#8221;rgba(26,26,26,0.08)&#8221; global_colors_info=&#8221;{}&#8221;][et_pb_contact_field field_id=&#8221;Name&#8221; field_title=&#8221;Namn&#8221; _builder_version=&#8221;4.16&#8243; global_colors_info=&#8221;{}&#8221; button_text_size__hover_enabled=&#8221;off&#8221; button_one_text_size__hover_enabled=&#8221;off&#8221; button_two_text_size__hover_enabled=&#8221;off&#8221; button_text_color__hover_enabled=&#8221;off&#8221; button_one_text_color__hover_enabled=&#8221;off&#8221; button_two_text_color__hover_enabled=&#8221;off&#8221; button_border_width__hover_enabled=&#8221;off&#8221; button_one_border_width__hover_enabled=&#8221;off&#8221; button_two_border_width__hover_enabled=&#8221;off&#8221; button_border_color__hover_enabled=&#8221;off&#8221; button_one_border_color__hover_enabled=&#8221;off&#8221; button_two_border_color__hover_enabled=&#8221;off&#8221; button_border_radius__hover_enabled=&#8221;off&#8221; button_one_border_radius__hover_enabled=&#8221;off&#8221; button_two_border_radius__hover_enabled=&#8221;off&#8221; button_letter_spacing__hover_enabled=&#8221;off&#8221; button_one_letter_spacing__hover_enabled=&#8221;off&#8221; button_two_letter_spacing__hover_enabled=&#8221;off&#8221; button_bg_color__hover_enabled=&#8221;off&#8221; button_one_bg_color__hover_enabled=&#8221;off&#8221; button_two_bg_color__hover_enabled=&#8221;off&#8221;][\/et_pb_contact_field][et_pb_contact_field field_id=&#8221;Email&#8221; field_title=&#8221;E-post  &#8221; field_type=&#8221;email&#8221; _builder_version=&#8221;4.22.1&#8243; global_colors_info=&#8221;{}&#8221; button_text_size__hover_enabled=&#8221;off&#8221; button_one_text_size__hover_enabled=&#8221;off&#8221; button_two_text_size__hover_enabled=&#8221;off&#8221; button_text_color__hover_enabled=&#8221;off&#8221; button_one_text_color__hover_enabled=&#8221;off&#8221; button_two_text_color__hover_enabled=&#8221;off&#8221; button_border_width__hover_enabled=&#8221;off&#8221; button_one_border_width__hover_enabled=&#8221;off&#8221; button_two_border_width__hover_enabled=&#8221;off&#8221; button_border_color__hover_enabled=&#8221;off&#8221; button_one_border_color__hover_enabled=&#8221;off&#8221; button_two_border_color__hover_enabled=&#8221;off&#8221; button_border_radius__hover_enabled=&#8221;off&#8221; button_one_border_radius__hover_enabled=&#8221;off&#8221; button_two_border_radius__hover_enabled=&#8221;off&#8221; button_letter_spacing__hover_enabled=&#8221;off&#8221; button_one_letter_spacing__hover_enabled=&#8221;off&#8221; button_two_letter_spacing__hover_enabled=&#8221;off&#8221; button_bg_color__hover_enabled=&#8221;off&#8221; button_one_bg_color__hover_enabled=&#8221;off&#8221; button_two_bg_color__hover_enabled=&#8221;off&#8221;][\/et_pb_contact_field][et_pb_contact_field field_id=&#8221;Message&#8221; field_title=&#8221;Meddelande&#8221; field_type=&#8221;text&#8221; fullwidth_field=&#8221;on&#8221; _builder_version=&#8221;4.16&#8243; global_colors_info=&#8221;{}&#8221; button_text_size__hover_enabled=&#8221;off&#8221; button_one_text_size__hover_enabled=&#8221;off&#8221; button_two_text_size__hover_enabled=&#8221;off&#8221; button_text_color__hover_enabled=&#8221;off&#8221; button_one_text_color__hover_enabled=&#8221;off&#8221; button_two_text_color__hover_enabled=&#8221;off&#8221; button_border_width__hover_enabled=&#8221;off&#8221; button_one_border_width__hover_enabled=&#8221;off&#8221; button_two_border_width__hover_enabled=&#8221;off&#8221; button_border_color__hover_enabled=&#8221;off&#8221; button_one_border_color__hover_enabled=&#8221;off&#8221; button_two_border_color__hover_enabled=&#8221;off&#8221; button_border_radius__hover_enabled=&#8221;off&#8221; button_one_border_radius__hover_enabled=&#8221;off&#8221; button_two_border_radius__hover_enabled=&#8221;off&#8221; button_letter_spacing__hover_enabled=&#8221;off&#8221; button_one_letter_spacing__hover_enabled=&#8221;off&#8221; button_two_letter_spacing__hover_enabled=&#8221;off&#8221; button_bg_color__hover_enabled=&#8221;off&#8221; button_one_bg_color__hover_enabled=&#8221;off&#8221; button_two_bg_color__hover_enabled=&#8221;off&#8221;][\/et_pb_contact_field][\/et_pb_contact_form][\/et_pb_column][\/et_pb_row][\/et_pb_section][et_pb_section fb_built=&#8221;1&#8243; _builder_version=&#8221;4.22.2&#8243; _module_preset=&#8221;default&#8221; min_height=&#8221;299.2px&#8221; custom_margin=&#8221;9px|||||&#8221; custom_padding=&#8221;0px|||||&#8221; global_colors_info=&#8221;{}&#8221;][et_pb_row _builder_version=&#8221;4.22.2&#8243; _module_preset=&#8221;default&#8221; custom_padding=&#8221;18px|||||&#8221; global_colors_info=&#8221;{}&#8221;][et_pb_column type=&#8221;4_4&#8243; _builder_version=&#8221;4.22.2&#8243; _module_preset=&#8221;default&#8221; global_colors_info=&#8221;{}&#8221;][et_pb_button button_url=&#8221;mailto:info@ncbuild.fi&#8221; button_text=&#8221;.&#8221; _builder_version=&#8221;4.22.2&#8243; _module_preset=&#8221;default&#8221; custom_button=&#8221;on&#8221; button_text_size=&#8221;22px&#8221; button_text_color=&#8221;RGBA(255,255,255,0)&#8221; button_bg_color=&#8221;RGBA(255,255,255,0)&#8221; button_border_width=&#8221;0px&#8221; button_font=&#8221;|700|||||||&#8221; button_icon=&#8221;&#xf0e0;||fa||900&#8243; button_icon_color=&#8221;#F5483F&#8221; button_icon_placement=&#8221;left&#8221; button_on_hover=&#8221;off&#8221; positioning=&#8221;fixed&#8221; position_origin_f=&#8221;bottom_right&#8221; vertical_offset=&#8221;57px&#8221; horizontal_offset=&#8221;-10px&#8221; z_index=&#8221;5000&#8243; custom_padding=&#8221;||0px|||&#8221; button_text_shadow_style=&#8221;preset4&#8243; button_text_shadow_color=&#8221;RGBA(255,255,255,0)&#8221; global_colors_info=&#8221;{}&#8221;][\/et_pb_button][\/et_pb_column][\/et_pb_row][et_pb_row _builder_version=&#8221;4.22.2&#8243; _module_preset=&#8221;default&#8221; global_colors_info=&#8221;{}&#8221;][et_pb_column type=&#8221;4_4&#8243; _builder_version=&#8221;4.22.2&#8243; _module_preset=&#8221;default&#8221; global_colors_info=&#8221;{}&#8221;][et_pb_button button_url=&#8221;http:\/\/linkedin.com\/in\/nigelclark-ncbuild&#8221; button_text=&#8221;.&#8221; _builder_version=&#8221;4.22.2&#8243; _module_preset=&#8221;default&#8221; custom_button=&#8221;on&#8221; button_text_size=&#8221;22px&#8221; button_text_color=&#8221;RGBA(255,255,255,0)&#8221; button_bg_color=&#8221;RGBA(255,255,255,0)&#8221; button_border_width=&#8221;0px&#8221; button_letter_spacing=&#8221;0px&#8221; button_icon=&#8221;&#xf0e1;||fa||400&#8243; button_icon_color=&#8221;#F5483F&#8221; button_icon_placement=&#8221;left&#8221; button_on_hover=&#8221;off&#8221; positioning=&#8221;fixed&#8221; position_origin_f=&#8221;bottom_right&#8221; vertical_offset=&#8221;177px&#8221; horizontal_offset=&#8221;-10px&#8221; z_index=&#8221;5000&#8243; custom_padding=&#8221;||0px|||&#8221; button_text_shadow_style=&#8221;preset4&#8243; button_text_shadow_color=&#8221;RGBA(255,255,255,0)&#8221; global_colors_info=&#8221;{}&#8221;][\/et_pb_button][\/et_pb_column][\/et_pb_row][et_pb_row _builder_version=&#8221;4.22.2&#8243; _module_preset=&#8221;default&#8221; global_colors_info=&#8221;{}&#8221;][et_pb_column type=&#8221;4_4&#8243; _builder_version=&#8221;4.22.2&#8243; _module_preset=&#8221;default&#8221; global_colors_info=&#8221;{}&#8221;][et_pb_button button_url=&#8221;http:\/\/facebook.com\/profile.php?id=61551044492624&#8243; button_text=&#8221;.&#8221; _builder_version=&#8221;4.22.2&#8243; _module_preset=&#8221;default&#8221; custom_button=&#8221;on&#8221; button_text_size=&#8221;22px&#8221; button_text_color=&#8221;RGBA(255,255,255,0)&#8221; button_bg_color=&#8221;RGBA(255,255,255,0)&#8221; button_border_width=&#8221;0px&#8221; button_letter_spacing=&#8221;0px&#8221; button_icon=&#8221;&#xe093;||divi||400&#8243; button_icon_color=&#8221;#F5483F&#8221; button_icon_placement=&#8221;left&#8221; button_on_hover=&#8221;off&#8221; positioning=&#8221;fixed&#8221; position_origin_f=&#8221;bottom_right&#8221; vertical_offset=&#8221;229px&#8221; horizontal_offset=&#8221;-10px&#8221; z_index=&#8221;5000&#8243; custom_padding=&#8221;||0px|||&#8221; button_text_shadow_style=&#8221;preset4&#8243; button_text_shadow_color=&#8221;RGBA(255,255,255,0)&#8221; global_colors_info=&#8221;{}&#8221;][\/et_pb_button][\/et_pb_column][\/et_pb_row][et_pb_row _builder_version=&#8221;4.22.2&#8243; _module_preset=&#8221;default&#8221; global_colors_info=&#8221;{}&#8221;][et_pb_column type=&#8221;4_4&#8243; _builder_version=&#8221;4.22.2&#8243; _module_preset=&#8221;default&#8221; global_colors_info=&#8221;{}&#8221;][et_pb_button button_url=&#8221;https:\/\/instagram.com\/ncbuild.fi?igshid=OGQ5ZDc2ODk2ZA==&#8221; button_text=&#8221;.&#8221; _builder_version=&#8221;4.22.2&#8243; _module_preset=&#8221;default&#8221; custom_button=&#8221;on&#8221; button_text_size=&#8221;22px&#8221; button_text_color=&#8221;RGBA(255,255,255,0)&#8221; button_bg_color=&#8221;RGBA(255,255,255,0)&#8221; button_border_width=&#8221;0px&#8221; button_letter_spacing=&#8221;0px&#8221; button_icon=&#8221;&#xe09a;||divi||400&#8243; button_icon_color=&#8221;#F5483F&#8221; button_icon_placement=&#8221;left&#8221; button_on_hover=&#8221;off&#8221; positioning=&#8221;fixed&#8221; position_origin_f=&#8221;bottom_right&#8221; vertical_offset=&#8221;282px&#8221; horizontal_offset=&#8221;-10px&#8221; z_index=&#8221;5000&#8243; custom_padding=&#8221;||0px|||&#8221; button_text_shadow_style=&#8221;preset4&#8243; button_text_shadow_color=&#8221;RGBA(255,255,255,0)&#8221; global_colors_info=&#8221;{}&#8221;][\/et_pb_button][\/et_pb_column][\/et_pb_row][\/et_pb_section][et_pb_section fb_built=&#8221;1&#8243; admin_label=&#8221;Map Section&#8221; _builder_version=&#8221;4.22.2&#8243; background_color=&#8221;#e9f0f6&#8243; min_height=&#8221;1344px&#8221; custom_margin=&#8221;-69px|||||&#8221; custom_padding=&#8221;0px|0px|100px|0px||&#8221; global_colors_info=&#8221;{}&#8221;][et_pb_row admin_label=&#8221;Kartrad&#8221; _builder_version=&#8221;4.16&#8243; custom_margin=&#8221;-356px|auto||auto||&#8221; custom_margin_last_edited=&#8221;off|desktop&#8221; custom_padding=&#8221;|||&#8221; global_colors_info=&#8221;{}&#8221;][et_pb_column type=&#8221;4_4&#8243; _builder_version=&#8221;4.16&#8243; custom_padding=&#8221;|||&#8221; global_colors_info=&#8221;{}&#8221; custom_padding__hover=&#8221;|||&#8221;][et_pb_text admin_label=&#8221;Title&#8221; _builder_version=&#8221;4.16&#8243; text_font=&#8221;Muli|600|||||||&#8221; text_font_size=&#8221;18px&#8221; text_line_height=&#8221;1.8em&#8221; header_font=&#8221;||||||||&#8221; header_2_font=&#8221;Muli|700|||||||&#8221; header_2_font_size=&#8221;50px&#8221; header_2_line_height=&#8221;1.4em&#8221; text_orientation=&#8221;center&#8221; max_width=&#8221;800px&#8221; max_width_last_edited=&#8221;off|desktop&#8221; module_alignment=&#8221;center&#8221; custom_margin=&#8221;-47px|||||&#8221; custom_padding=&#8221;0px|||||&#8221; custom_padding_last_edited=&#8221;off|desktop&#8221; header_2_font_size_tablet=&#8221;&#8221; header_2_font_size_phone=&#8221;40px&#8221; header_2_font_size_last_edited=&#8221;on|phone&#8221; global_colors_info=&#8221;{}&#8221; min_height=&#8221;248px&#8221;]<\/p>\n<h2>  V\u00e5rt l\u00e4ge<\/h2>\n<p>&nbsp;<\/p>\n<p>Allintie<\/p>\n<p>Kotka 48220.  <\/p>\n<p>Finland<\/p>\n<p>&nbsp;<\/p>\n<p>[\/et_pb_text][et_pb_map address=&#8221;Metsola, Kotka Finland&#8221; zoom_level=&#8221;12&#8243; address_lat=&#8221;37.7749295&#8243; address_lng=&#8221;-122.4194155&#8243; _builder_version=&#8221;4.22.1&#8243; custom_margin=&#8221;60px|||&#8221; global_colors_info=&#8221;{}&#8221;][et_pb_map_pin pin_address=&#8221;San Francisco, CA, USA&#8221; pin_address_lat=&#8221;37.7749295&#8243; pin_address_lng=&#8221;-122.4194155&#8243; _builder_version=&#8221;3.0.93&#8243; global_colors_info=&#8221;{}&#8221;][\/et_pb_map_pin][\/et_pb_map][\/et_pb_column][\/et_pb_row][\/et_pb_section]<\/p>\n","protected":false},"excerpt":{"rendered":"<p>Hur kan vi hj\u00e4lpa till? Kontakta oss g\u00e4rna om ditt projekt, eller f\u00f6r att diskutera v\u00e5ra tj\u00e4nster som b\u00e4st uppfyller dina behov, utan f\u00f6rpliktelser. Fyll i formul\u00e4ret nedan s\u00e5 kontaktar vi dig inom kort. Ha en underbar dag. &nbsp;Kontakta oss. V\u00e5rt l\u00e4ge &nbsp; Allintie Kotka 48220. Finland &nbsp;<\/p>\n","protected":false},"author":1,"featured_media":0,"parent":0,"menu_order":0,"comment_status":"closed","ping_status":"closed","template":"","meta":{"_et_pb_use_builder":"on","_et_pb_old_content":"","_et_gb_content_width":"","footnotes":""},"_links":{"self":[{"href":"https:\/\/www.ncbuild.fi\/sv\/index.php\/wp-json\/wp\/v2\/pages\/4736"}],"collection":[{"href":"https:\/\/www.ncbuild.fi\/sv\/index.php\/wp-json\/wp\/v2\/pages"}],"about":[{"href":"https:\/\/www.ncbuild.fi\/sv\/index.php\/wp-json\/wp\/v2\/types\/page"}],"author":[{"embeddable":true,"href":"https:\/\/www.ncbuild.fi\/sv\/index.php\/wp-json\/wp\/v2\/users\/1"}],"replies":[{"embeddable":true,"href":"https:\/\/www.ncbuild.fi\/sv\/index.php\/wp-json\/wp\/v2\/comments?post=4736"}],"version-history":[{"count":12,"href":"https:\/\/www.ncbuild.fi\/sv\/index.php\/wp-json\/wp\/v2\/pages\/4736\/revisions"}],"predecessor-version":[{"id":8347,"href":"https:\/\/www.ncbuild.fi\/sv\/index.php\/wp-json\/wp\/v2\/pages\/4736\/revisions\/8347"}],"wp:attachment":[{"href":"https:\/\/www.ncbuild.fi\/sv\/index.php\/wp-json\/wp\/v2\/media?parent=4736"}],"curies":[{"name":"wp","href":"https:\/\/api.w.org\/{rel}","templated":true}]}}